{"id":77,"date":"2021-04-16T18:06:30","date_gmt":"2021-04-16T16:06:30","guid":{"rendered":"http:\/\/jahodyveseli.cz\/?page_id=77"},"modified":"2026-02-24T00:36:42","modified_gmt":"2026-02-23T22:36:42","slug":"recepty","status":"publish","type":"page","link":"https:\/\/jahodyveseli.cz\/index.php\/recepty\/","title":{"rendered":"Recepty"},"content":{"rendered":"<ul class=\"wp-block-latest-posts__list is-grid columns-3 alignleft wp-block-latest-posts\"><li><div class=\"wp-block-latest-posts__featured-image alignleft\"><a href=\"https:\/\/jahodyveseli.cz\/index.php\/2025\/05\/06\/tvarohovy-dort-misa-s-jahodami\/\" aria-label=\"TVAROHOV\u00dd DORT M\u00cd\u0160A S JAHODAMI\"><img loading=\"lazy\" decoding=\"async\" width=\"150\" height=\"150\" src=\"https:\/\/jahodyveseli.cz\/wp-content\/uploads\/2025\/05\/tvarohovy-dort-misa-s-jahodami-154249-1920-1080-nwo-150x150.webp\" class=\"attachment-thumbnail size-thumbnail wp-post-image\" alt=\"\" style=\"\" srcset=\"https:\/\/jahodyveseli.cz\/wp-content\/uploads\/2025\/05\/tvarohovy-dort-misa-s-jahodami-154249-1920-1080-nwo-150x150.webp 150w, https:\/\/jahodyveseli.cz\/wp-content\/uploads\/2025\/05\/tvarohovy-dort-misa-s-jahodami-154249-1920-1080-nwo-300x300.webp 300w\" sizes=\"auto, (max-width: 150px) 100vw, 150px\" \/><\/a><\/div><a class=\"wp-block-latest-posts__post-title\" href=\"https:\/\/jahodyveseli.cz\/index.php\/2025\/05\/06\/tvarohovy-dort-misa-s-jahodami\/\">TVAROHOV\u00dd DORT M\u00cd\u0160A S JAHODAMI<\/a><\/li>\n<li><div class=\"wp-block-latest-posts__featured-image alignleft\"><a href=\"https:\/\/jahodyveseli.cz\/index.php\/2023\/05\/27\/palacinky-s-jahodami-a-slehackou\/\" aria-label=\"PALA\u010cINKY S JAHODAMI A \u0160LEHA\u010cKOU\"><img loading=\"lazy\" decoding=\"async\" width=\"150\" height=\"150\" src=\"https:\/\/jahodyveseli.cz\/wp-content\/uploads\/2023\/05\/image-4-150x150.png\" class=\"attachment-thumbnail size-thumbnail wp-post-image\" alt=\"\" style=\"\" srcset=\"https:\/\/jahodyveseli.cz\/wp-content\/uploads\/2023\/05\/image-4-150x150.png 150w, https:\/\/jahodyveseli.cz\/wp-content\/uploads\/2023\/05\/image-4-300x300.png 300w\" sizes=\"auto, (max-width: 150px) 100vw, 150px\" \/><\/a><\/div><a class=\"wp-block-latest-posts__post-title\" href=\"https:\/\/jahodyveseli.cz\/index.php\/2023\/05\/27\/palacinky-s-jahodami-a-slehackou\/\">PALA\u010cINKY S JAHODAMI A \u0160LEHA\u010cKOU<\/a><\/li>\n<li><div class=\"wp-block-latest-posts__featured-image alignleft\"><a href=\"https:\/\/jahodyveseli.cz\/index.php\/2023\/05\/27\/jahodova-zemlovka\/\" aria-label=\"JAHODOV\u00c1 \u017dEMLOVKA\"><img loading=\"lazy\" decoding=\"async\" width=\"150\" height=\"150\" src=\"https:\/\/jahodyveseli.cz\/wp-content\/uploads\/2023\/05\/image-3-150x150.png\" class=\"attachment-thumbnail size-thumbnail wp-post-image\" alt=\"\" style=\"\" srcset=\"https:\/\/jahodyveseli.cz\/wp-content\/uploads\/2023\/05\/image-3-150x150.png 150w, https:\/\/jahodyveseli.cz\/wp-content\/uploads\/2023\/05\/image-3-300x300.png 300w\" sizes=\"auto, (max-width: 150px) 100vw, 150px\" \/><\/a><\/div><a class=\"wp-block-latest-posts__post-title\" href=\"https:\/\/jahodyveseli.cz\/index.php\/2023\/05\/27\/jahodova-zemlovka\/\">JAHODOV\u00c1 \u017dEMLOVKA<\/a><\/li>\n<li><div class=\"wp-block-latest-posts__featured-image alignleft\"><a href=\"https:\/\/jahodyveseli.cz\/index.php\/2023\/05\/27\/nepeceny-tvarohovy-dort-s-jahodami-bez-cukru\/\" aria-label=\"NEPE\u010cEN\u00dd TVAROHOV\u00dd DORT S JAHODAMI (BEZ CUKRU)\"><img loading=\"lazy\" decoding=\"async\" width=\"150\" height=\"150\" src=\"https:\/\/jahodyveseli.cz\/wp-content\/uploads\/2023\/05\/image-2-150x150.png\" class=\"attachment-thumbnail size-thumbnail wp-post-image\" alt=\"\" style=\"\" srcset=\"https:\/\/jahodyveseli.cz\/wp-content\/uploads\/2023\/05\/image-2-150x150.png 150w, https:\/\/jahodyveseli.cz\/wp-content\/uploads\/2023\/05\/image-2-300x300.png 300w\" sizes=\"auto, (max-width: 150px) 100vw, 150px\" \/><\/a><\/div><a class=\"wp-block-latest-posts__post-title\" href=\"https:\/\/jahodyveseli.cz\/index.php\/2023\/05\/27\/nepeceny-tvarohovy-dort-s-jahodami-bez-cukru\/\">NEPE\u010cEN\u00dd TVAROHOV\u00dd DORT S JAHODAMI (BEZ CUKRU)<\/a><\/li>\n<li><div class=\"wp-block-latest-posts__featured-image alignleft\"><a href=\"https:\/\/jahodyveseli.cz\/index.php\/2023\/05\/27\/jahodove-tiramisu\/\" aria-label=\"JAHODOV\u00c9 TIRAMISU\"><img loading=\"lazy\" decoding=\"async\" width=\"150\" height=\"150\" src=\"https:\/\/jahodyveseli.cz\/wp-content\/uploads\/2023\/05\/image-1-150x150.png\" class=\"attachment-thumbnail size-thumbnail wp-post-image\" alt=\"\" style=\"\" srcset=\"https:\/\/jahodyveseli.cz\/wp-content\/uploads\/2023\/05\/image-1-150x150.png 150w, https:\/\/jahodyveseli.cz\/wp-content\/uploads\/2023\/05\/image-1-300x300.png 300w\" sizes=\"auto, (max-width: 150px) 100vw, 150px\" \/><\/a><\/div><a class=\"wp-block-latest-posts__post-title\" href=\"https:\/\/jahodyveseli.cz\/index.php\/2023\/05\/27\/jahodove-tiramisu\/\">JAHODOV\u00c9 TIRAMISU<\/a><\/li>\n<li><div class=\"wp-block-latest-posts__featured-image alignleft\"><a href=\"https:\/\/jahodyveseli.cz\/index.php\/2021\/04\/22\/krtkuv-dort-s-jahodami\/\" aria-label=\"KRTK\u016eV DORT S JAHODAMI\"><img loading=\"lazy\" decoding=\"async\" width=\"150\" height=\"150\" src=\"https:\/\/jahodyveseli.cz\/wp-content\/uploads\/2021\/04\/jahodova-krtkova-torta-150x150.jpg\" class=\"attachment-thumbnail size-thumbnail wp-post-image\" alt=\"\" style=\"\" srcset=\"https:\/\/jahodyveseli.cz\/wp-content\/uploads\/2021\/04\/jahodova-krtkova-torta-150x150.jpg 150w, https:\/\/jahodyveseli.cz\/wp-content\/uploads\/2021\/04\/jahodova-krtkova-torta-300x300.jpg 300w\" sizes=\"auto, (max-width: 150px) 100vw, 150px\" \/><\/a><\/div><a class=\"wp-block-latest-posts__post-title\" href=\"https:\/\/jahodyveseli.cz\/index.php\/2021\/04\/22\/krtkuv-dort-s-jahodami\/\">KRTK\u016eV DORT S JAHODAMI<\/a><\/li>\n<li><div class=\"wp-block-latest-posts__featured-image alignleft\"><a href=\"https:\/\/jahodyveseli.cz\/index.php\/2021\/04\/22\/fit-livance-s-jahodami\/\" aria-label=\"FIT L\u00cdVANCE S JAHODAMI\"><img loading=\"lazy\" decoding=\"async\" width=\"150\" height=\"150\" src=\"https:\/\/jahodyveseli.cz\/wp-content\/uploads\/2021\/04\/Fit-lievance-s-jahodami-150x150.jpg\" class=\"attachment-thumbnail size-thumbnail wp-post-image\" alt=\"\" style=\"\" srcset=\"https:\/\/jahodyveseli.cz\/wp-content\/uploads\/2021\/04\/Fit-lievance-s-jahodami-150x150.jpg 150w, https:\/\/jahodyveseli.cz\/wp-content\/uploads\/2021\/04\/Fit-lievance-s-jahodami-300x300.jpg 300w\" sizes=\"auto, (max-width: 150px) 100vw, 150px\" \/><\/a><\/div><a class=\"wp-block-latest-posts__post-title\" href=\"https:\/\/jahodyveseli.cz\/index.php\/2021\/04\/22\/fit-livance-s-jahodami\/\">FIT L\u00cdVANCE S JAHODAMI<\/a><\/li>\n<li><div class=\"wp-block-latest-posts__featured-image alignleft\"><a href=\"https:\/\/jahodyveseli.cz\/index.php\/2021\/04\/22\/piskotova-rolada-s-jahodami\/\" aria-label=\"PI\u0160KOTOV\u00c1 ROL\u00c1DA S JAHODAMI\"><img loading=\"lazy\" decoding=\"async\" width=\"150\" height=\"150\" src=\"https:\/\/jahodyveseli.cz\/wp-content\/uploads\/2021\/04\/jahodova-rolada-150x150.jpg\" class=\"attachment-thumbnail size-thumbnail wp-post-image\" alt=\"\" style=\"\" srcset=\"https:\/\/jahodyveseli.cz\/wp-content\/uploads\/2021\/04\/jahodova-rolada-150x150.jpg 150w, https:\/\/jahodyveseli.cz\/wp-content\/uploads\/2021\/04\/jahodova-rolada-300x300.jpg 300w\" sizes=\"auto, (max-width: 150px) 100vw, 150px\" \/><\/a><\/div><a class=\"wp-block-latest-posts__post-title\" href=\"https:\/\/jahodyveseli.cz\/index.php\/2021\/04\/22\/piskotova-rolada-s-jahodami\/\">PI\u0160KOTOV\u00c1 ROL\u00c1DA S JAHODAMI<\/a><\/li>\n<li><div class=\"wp-block-latest-posts__featured-image alignleft\"><a href=\"https:\/\/jahodyveseli.cz\/index.php\/2021\/04\/22\/vetrniky-s-jahodami\/\" aria-label=\"V\u011aTRN\u00cdKY S JAHODAMI\"><img loading=\"lazy\" decoding=\"async\" width=\"150\" height=\"150\" src=\"https:\/\/jahodyveseli.cz\/wp-content\/uploads\/2021\/04\/Veterniky-s-jahodami-150x150.jpg\" class=\"attachment-thumbnail size-thumbnail wp-post-image\" alt=\"\" style=\"\" srcset=\"https:\/\/jahodyveseli.cz\/wp-content\/uploads\/2021\/04\/Veterniky-s-jahodami-150x150.jpg 150w, https:\/\/jahodyveseli.cz\/wp-content\/uploads\/2021\/04\/Veterniky-s-jahodami-300x300.jpg 300w\" sizes=\"auto, (max-width: 150px) 100vw, 150px\" \/><\/a><\/div><a class=\"wp-block-latest-posts__post-title\" href=\"https:\/\/jahodyveseli.cz\/index.php\/2021\/04\/22\/vetrniky-s-jahodami\/\">V\u011aTRN\u00cdKY S JAHODAMI<\/a><\/li>\n<li><div class=\"wp-block-latest-posts__featured-image alignleft\"><a href=\"https:\/\/jahodyveseli.cz\/index.php\/2021\/04\/22\/jahodovy-pohar\/\" aria-label=\"JAHODOV\u00dd POH\u00c1R\"><img loading=\"lazy\" decoding=\"async\" width=\"150\" height=\"150\" src=\"https:\/\/jahodyveseli.cz\/wp-content\/uploads\/2021\/04\/Jahodovy-pohar-2-150x150.jpg\" class=\"attachment-thumbnail size-thumbnail wp-post-image\" alt=\"\" style=\"\" srcset=\"https:\/\/jahodyveseli.cz\/wp-content\/uploads\/2021\/04\/Jahodovy-pohar-2-150x150.jpg 150w, https:\/\/jahodyveseli.cz\/wp-content\/uploads\/2021\/04\/Jahodovy-pohar-2-300x300.jpg 300w\" sizes=\"auto, (max-width: 150px) 100vw, 150px\" \/><\/a><\/div><a class=\"wp-block-latest-posts__post-title\" href=\"https:\/\/jahodyveseli.cz\/index.php\/2021\/04\/22\/jahodovy-pohar\/\">JAHODOV\u00dd POH\u00c1R<\/a><\/li>\n<li><div class=\"wp-block-latest-posts__featured-image alignleft\"><a href=\"https:\/\/jahodyveseli.cz\/index.php\/2021\/04\/22\/dort-s-jahodami-a-mascarpone\/\" aria-label=\"DORT S JAHODAMI A MASCARPONE\"><img loading=\"lazy\" decoding=\"async\" width=\"150\" height=\"150\" src=\"https:\/\/jahodyveseli.cz\/wp-content\/uploads\/2021\/04\/Dort-s-jahodami-150x150.jpg\" class=\"attachment-thumbnail size-thumbnail wp-post-image\" alt=\"\" style=\"\" srcset=\"https:\/\/jahodyveseli.cz\/wp-content\/uploads\/2021\/04\/Dort-s-jahodami-150x150.jpg 150w, https:\/\/jahodyveseli.cz\/wp-content\/uploads\/2021\/04\/Dort-s-jahodami-300x300.jpg 300w\" sizes=\"auto, (max-width: 150px) 100vw, 150px\" \/><\/a><\/div><a class=\"wp-block-latest-posts__post-title\" href=\"https:\/\/jahodyveseli.cz\/index.php\/2021\/04\/22\/dort-s-jahodami-a-mascarpone\/\">DORT S JAHODAMI A MASCARPONE<\/a><\/li>\n<li><div class=\"wp-block-latest-posts__featured-image alignleft\"><a href=\"https:\/\/jahodyveseli.cz\/index.php\/2021\/04\/22\/fit-tvarohove-rezy-s-jahodami\/\" aria-label=\"FIT TVAROHOV\u00c9 \u0158EZY S JAHODAMI\"><img loading=\"lazy\" decoding=\"async\" width=\"150\" height=\"150\" src=\"https:\/\/jahodyveseli.cz\/wp-content\/uploads\/2021\/04\/varohovo-jahodove-rezy-150x150.jpg\" class=\"attachment-thumbnail size-thumbnail wp-post-image\" alt=\"\" style=\"\" srcset=\"https:\/\/jahodyveseli.cz\/wp-content\/uploads\/2021\/04\/varohovo-jahodove-rezy-150x150.jpg 150w, https:\/\/jahodyveseli.cz\/wp-content\/uploads\/2021\/04\/varohovo-jahodove-rezy-300x300.jpg 300w\" sizes=\"auto, (max-width: 150px) 100vw, 150px\" \/><\/a><\/div><a class=\"wp-block-latest-posts__post-title\" href=\"https:\/\/jahodyveseli.cz\/index.php\/2021\/04\/22\/fit-tvarohove-rezy-s-jahodami\/\">FIT TVAROHOV\u00c9 \u0158EZY S JAHODAMI<\/a><\/li>\n<li><div class=\"wp-block-latest-posts__featured-image alignleft\"><a href=\"https:\/\/jahodyveseli.cz\/index.php\/2021\/04\/22\/jahodova-zmrzlina\/\" aria-label=\"JAHODOV\u00c1 ZMRZLINA\"><img loading=\"lazy\" decoding=\"async\" width=\"150\" height=\"150\" src=\"https:\/\/jahodyveseli.cz\/wp-content\/uploads\/2021\/04\/zmrzlina-150x150.jpg\" class=\"attachment-thumbnail size-thumbnail wp-post-image\" alt=\"\" style=\"\" srcset=\"https:\/\/jahodyveseli.cz\/wp-content\/uploads\/2021\/04\/zmrzlina-150x150.jpg 150w, https:\/\/jahodyveseli.cz\/wp-content\/uploads\/2021\/04\/zmrzlina-300x300.jpg 300w\" sizes=\"auto, (max-width: 150px) 100vw, 150px\" \/><\/a><\/div><a class=\"wp-block-latest-posts__post-title\" href=\"https:\/\/jahodyveseli.cz\/index.php\/2021\/04\/22\/jahodova-zmrzlina\/\">JAHODOV\u00c1 ZMRZLINA<\/a><\/li>\n<li><div class=\"wp-block-latest-posts__featured-image alignleft\"><a href=\"https:\/\/jahodyveseli.cz\/index.php\/2021\/04\/22\/jahodove-tartaletky\/\" aria-label=\"JAHODOV\u00c9 TARTALETKY\"><img loading=\"lazy\" decoding=\"async\" width=\"150\" height=\"150\" src=\"https:\/\/jahodyveseli.cz\/wp-content\/uploads\/2021\/04\/tartaletky-150x150.jpg\" class=\"attachment-thumbnail size-thumbnail wp-post-image\" alt=\"\" style=\"\" srcset=\"https:\/\/jahodyveseli.cz\/wp-content\/uploads\/2021\/04\/tartaletky-150x150.jpg 150w, https:\/\/jahodyveseli.cz\/wp-content\/uploads\/2021\/04\/tartaletky-300x300.jpg 300w\" sizes=\"auto, (max-width: 150px) 100vw, 150px\" \/><\/a><\/div><a class=\"wp-block-latest-posts__post-title\" href=\"https:\/\/jahodyveseli.cz\/index.php\/2021\/04\/22\/jahodove-tartaletky\/\">JAHODOV\u00c9 TARTALETKY<\/a><\/li>\n<li><div class=\"wp-block-latest-posts__featured-image alignleft\"><a href=\"https:\/\/jahodyveseli.cz\/index.php\/2021\/04\/22\/jahodova-bublanina\/\" aria-label=\"JAHODOV\u00c1 BUBLANINA\"><img loading=\"lazy\" decoding=\"async\" width=\"150\" height=\"150\" src=\"https:\/\/jahodyveseli.cz\/wp-content\/uploads\/2021\/04\/Bublanina-150x150.jpg\" class=\"attachment-thumbnail size-thumbnail wp-post-image\" alt=\"\" style=\"\" srcset=\"https:\/\/jahodyveseli.cz\/wp-content\/uploads\/2021\/04\/Bublanina-150x150.jpg 150w, https:\/\/jahodyveseli.cz\/wp-content\/uploads\/2021\/04\/Bublanina-300x300.jpg 300w\" sizes=\"auto, (max-width: 150px) 100vw, 150px\" \/><\/a><\/div><a class=\"wp-block-latest-posts__post-title\" href=\"https:\/\/jahodyveseli.cz\/index.php\/2021\/04\/22\/jahodova-bublanina\/\">JAHODOV\u00c1 BUBLANINA<\/a><\/li>\n<li><div class=\"wp-block-latest-posts__featured-image alignleft\"><a href=\"https:\/\/jahodyveseli.cz\/index.php\/2021\/04\/22\/jahodovy-koktejl\/\" aria-label=\"JAHODOV\u00dd KOKTEJL\"><img loading=\"lazy\" decoding=\"async\" width=\"150\" height=\"150\" src=\"https:\/\/jahodyveseli.cz\/wp-content\/uploads\/2021\/04\/Jahodovy-kokteil-150x150.jpg\" class=\"attachment-thumbnail size-thumbnail wp-post-image\" alt=\"\" style=\"\" srcset=\"https:\/\/jahodyveseli.cz\/wp-content\/uploads\/2021\/04\/Jahodovy-kokteil-150x150.jpg 150w, https:\/\/jahodyveseli.cz\/wp-content\/uploads\/2021\/04\/Jahodovy-kokteil-300x300.jpg 300w\" sizes=\"auto, (max-width: 150px) 100vw, 150px\" \/><\/a><\/div><a class=\"wp-block-latest-posts__post-title\" href=\"https:\/\/jahodyveseli.cz\/index.php\/2021\/04\/22\/jahodovy-koktejl\/\">JAHODOV\u00dd KOKTEJL<\/a><\/li>\n<li><div class=\"wp-block-latest-posts__featured-image alignleft\"><a href=\"https:\/\/jahodyveseli.cz\/index.php\/2021\/04\/22\/tvarohove-knedliky-s-jahodami\/\" aria-label=\"TVAROHOV\u00c9 KNEDL\u00cdKY S JAHODAMI\"><img loading=\"lazy\" decoding=\"async\" width=\"150\" height=\"150\" src=\"https:\/\/jahodyveseli.cz\/wp-content\/uploads\/2021\/04\/tvarohove-knedliky-150x150.jpg\" class=\"attachment-thumbnail size-thumbnail wp-post-image\" alt=\"\" style=\"\" srcset=\"https:\/\/jahodyveseli.cz\/wp-content\/uploads\/2021\/04\/tvarohove-knedliky-150x150.jpg 150w, https:\/\/jahodyveseli.cz\/wp-content\/uploads\/2021\/04\/tvarohove-knedliky-300x300.jpg 300w\" sizes=\"auto, (max-width: 150px) 100vw, 150px\" \/><\/a><\/div><a class=\"wp-block-latest-posts__post-title\" href=\"https:\/\/jahodyveseli.cz\/index.php\/2021\/04\/22\/tvarohove-knedliky-s-jahodami\/\">TVAROHOV\u00c9 KNEDL\u00cdKY S JAHODAMI<\/a><\/li>\n<li><div class=\"wp-block-latest-posts__featured-image alignleft\"><a href=\"https:\/\/jahodyveseli.cz\/index.php\/2021\/04\/22\/jahodova-marmelada\/\" aria-label=\"JAHODOV\u00c1 MARMEL\u00c1DA\"><img loading=\"lazy\" decoding=\"async\" width=\"150\" height=\"150\" src=\"https:\/\/jahodyveseli.cz\/wp-content\/uploads\/2021\/04\/Jahodova-marmelada-150x150.jpg\" class=\"attachment-thumbnail size-thumbnail wp-post-image\" alt=\"\" style=\"\" srcset=\"https:\/\/jahodyveseli.cz\/wp-content\/uploads\/2021\/04\/Jahodova-marmelada-150x150.jpg 150w, https:\/\/jahodyveseli.cz\/wp-content\/uploads\/2021\/04\/Jahodova-marmelada-300x300.jpg 300w\" sizes=\"auto, (max-width: 150px) 100vw, 150px\" \/><\/a><\/div><a class=\"wp-block-latest-posts__post-title\" href=\"https:\/\/jahodyveseli.cz\/index.php\/2021\/04\/22\/jahodova-marmelada\/\">JAHODOV\u00c1 MARMEL\u00c1DA<\/a><\/li>\n<li><div class=\"wp-block-latest-posts__featured-image alignleft\"><a href=\"https:\/\/jahodyveseli.cz\/index.php\/2021\/04\/22\/pavlova-se-slehackou-a-jahodami\/\" aria-label=\"PAVLOVA SE \u0160LEHA\u010cKOU A JAHODAMI\"><img loading=\"lazy\" decoding=\"async\" width=\"150\" height=\"150\" src=\"https:\/\/jahodyveseli.cz\/wp-content\/uploads\/2021\/04\/Pavlova-s-jahodami-150x150.jpg\" class=\"attachment-thumbnail size-thumbnail wp-post-image\" alt=\"\" style=\"\" srcset=\"https:\/\/jahodyveseli.cz\/wp-content\/uploads\/2021\/04\/Pavlova-s-jahodami-150x150.jpg 150w, https:\/\/jahodyveseli.cz\/wp-content\/uploads\/2021\/04\/Pavlova-s-jahodami-300x300.jpg 300w\" sizes=\"auto, (max-width: 150px) 100vw, 150px\" \/><\/a><\/div><a class=\"wp-block-latest-posts__post-title\" href=\"https:\/\/jahodyveseli.cz\/index.php\/2021\/04\/22\/pavlova-se-slehackou-a-jahodami\/\">PAVLOVA SE \u0160LEHA\u010cKOU A JAHODAMI<\/a><\/li>\n<li><div class=\"wp-block-latest-posts__featured-image alignleft\"><a href=\"https:\/\/jahodyveseli.cz\/index.php\/2021\/04\/15\/jahodovy-kolac-s-drobenkou\/\" aria-label=\"JAHODOV\u00dd KOL\u00c1\u010c S DROBENKOU\"><img loading=\"lazy\" decoding=\"async\" width=\"150\" height=\"150\" src=\"https:\/\/jahodyveseli.cz\/wp-content\/uploads\/2021\/04\/Jahodovy-kolac-s-drobenkou-150x150.jpg\" class=\"attachment-thumbnail size-thumbnail wp-post-image\" alt=\"\" style=\"\" srcset=\"https:\/\/jahodyveseli.cz\/wp-content\/uploads\/2021\/04\/Jahodovy-kolac-s-drobenkou-150x150.jpg 150w, https:\/\/jahodyveseli.cz\/wp-content\/uploads\/2021\/04\/Jahodovy-kolac-s-drobenkou-300x300.jpg 300w\" sizes=\"auto, (max-width: 150px) 100vw, 150px\" \/><\/a><\/div><a class=\"wp-block-latest-posts__post-title\" href=\"https:\/\/jahodyveseli.cz\/index.php\/2021\/04\/15\/jahodovy-kolac-s-drobenkou\/\">JAHODOV\u00dd KOL\u00c1\u010c S DROBENKOU<\/a><\/li>\n<\/ul>","protected":false},"excerpt":{"rendered":"","protected":false},"author":1,"featured_media":0,"parent":0,"menu_order":0,"comment_status":"closed","ping_status":"closed","template":"","meta":{"footnotes":""},"class_list":["post-77","page","type-page","status-publish","hentry"],"_links":{"self":[{"href":"https:\/\/jahodyveseli.cz\/index.php\/wp-json\/wp\/v2\/pages\/77","targetHints":{"allow":["GET"]}}],"collection":[{"href":"https:\/\/jahodyveseli.cz\/index.php\/wp-json\/wp\/v2\/pages"}],"about":[{"href":"https:\/\/jahodyveseli.cz\/index.php\/wp-json\/wp\/v2\/types\/page"}],"author":[{"embeddable":true,"href":"https:\/\/jahodyveseli.cz\/index.php\/wp-json\/wp\/v2\/users\/1"}],"replies":[{"embeddable":true,"href":"https:\/\/jahodyveseli.cz\/index.php\/wp-json\/wp\/v2\/comments?post=77"}],"version-history":[{"count":14,"href":"https:\/\/jahodyveseli.cz\/index.php\/wp-json\/wp\/v2\/pages\/77\/revisions"}],"predecessor-version":[{"id":551,"href":"https:\/\/jahodyveseli.cz\/index.php\/wp-json\/wp\/v2\/pages\/77\/revisions\/551"}],"wp:attachment":[{"href":"https:\/\/jahodyveseli.cz\/index.php\/wp-json\/wp\/v2\/media?parent=77"}],"curies":[{"name":"wp","href":"https:\/\/api.w.org\/{rel}","templated":true}]}}