{"id":75,"date":"2021-04-16T18:06:01","date_gmt":"2021-04-16T16:06:01","guid":{"rendered":"http:\/\/jahodyveseli.cz\/?page_id=75"},"modified":"2026-02-23T01:04:55","modified_gmt":"2026-02-22T23:04:55","slug":"4-najcastejsi-dotazy","status":"publish","type":"page","link":"https:\/\/jahodyveseli.cz\/index.php\/4-najcastejsi-dotazy\/","title":{"rendered":"4 nej\u010dast\u011bj\u0161\u00ed dotazy"},"content":{"rendered":"\n<p style=\"font-size:18px\"><strong>1. Kde V\u00e1s najdeme?<\/strong><\/p>\n\n\n\n<p style=\"font-size:18px\">Prodej jahod prob\u00edh\u00e1 v pr\u016fmyslov\u00e9m are\u00e1lu Hutn\u00edk \u010d. 1048, 698 01 Vesel\u00ed nad Moravou, okr. Hodon\u00edn<br>Mapy jsou v sekci <a href=\"https:\/\/jahodyveseli.cz\/index.php\/contact\/\" data-type=\"URL\" data-id=\"https:\/\/jahodyveseli.cz\/index.php\/contact\/\"><strong>Kontakt<\/strong><\/a>, nebo <a href=\"https:\/\/jahodyveseli.cz\/index.php\/objednavkovy-formular\/\" data-type=\"URL\" data-id=\"https:\/\/jahodyveseli.cz\/index.php\/objednavkovy-formular\/\"><strong>Objedn\u00e1vkov\u00fd formul\u00e1\u0159<\/strong><\/a><\/p>\n\n\n\n<p style=\"font-size:18px\">Vzd\u00e1lenost do:<br>Str\u00e1\u017enice &#8211; 10 km<br>Bzenec &#8211; 10 km<br>Uhersk\u00e9 Hradi\u0161te &#8211; 16 km<br>Skalica (SK) &#8211; 19 km<br>Kyjov &#8211; 23 km<br>Hol\u00ed\u010d (SK) &#8211; 25 km<br>Hodon\u00edn &#8211; 26 km<br>Uhersk\u00fd Brod 27 km<\/p>\n\n\n\n<p style=\"font-size:18px\"><strong>2. Jak\u00e9 mno\u017estv\u00ed jahod si mohu koupit?<\/strong><\/p>\n\n\n\n<p style=\"font-size:18px\">Jahody si m\u016f\u017eete zakoupit v neomezen\u00e9m mno\u017estv\u00ed, ale p\u0159i v\u011bt\u0161\u00edm z\u00e1jmu (nap\u0159. 50 kg a v\u00edce) je lep\u0161\u00ed si jahody p\u0159edem objednat.<br>Objednat si m\u016f\u017eete p\u0159es <a href=\"https:\/\/jahodyveseli.cz\/index.php\/objednavkovy-formular\/\" data-type=\"URL\" data-id=\"https:\/\/jahodyveseli.cz\/index.php\/objednavkovy-formular\/\"><strong>Objedn\u00e1vkov\u00fd formul\u00e1\u0159<\/strong><\/a> na na\u0161i str\u00e1nce, nebo telefonicky na \u010d\u00edsle <strong>+420 608 932 329<\/strong>, nebo emailem: <a href=\"mailto:jahodyveseli@seznam.cz\" target=\"_blank\" rel=\"noreferrer noopener\"><strong>jahodyveseli@seznam.cz<\/strong><\/a><\/p>\n\n\n\n<p style=\"font-size:18px\"><strong>3. Mohu si jahody dop\u0159edu objednat?<\/strong><\/p>\n\n\n\n<p style=\"font-size:18px\">Ano. Jahody si m\u016f\u017eete objednat i p\u0159edem p\u0159es <a href=\"https:\/\/jahodyveseli.cz\/index.php\/objednavkovy-formular\/\" data-type=\"URL\" data-id=\"https:\/\/jahodyveseli.cz\/index.php\/objednavkovy-formular\/\"><strong>Objedn\u00e1vkov\u00fd formul\u00e1\u0159<\/strong><\/a> na na\u0161i str\u00e1nce, nebo telefonicky na \u010d\u00edsle <strong>+420 608 932 329<\/strong>, nebo emailem: <a href=\"mailto:jahodyveseli@seznam.cz\" target=\"_blank\" rel=\"noreferrer noopener\"><strong>jahodyveseli@seznam.cz<\/strong><\/a><\/p>\n\n\n\n<p style=\"font-size:18px\"><strong>4. Mus\u00edm si p\u0159in\u00e9st vlastn\u00ed n\u00e1doby?<\/strong><\/p>\n\n\n\n<p style=\"font-size:18px\">Vlastn\u00ed n\u00e1doby si p\u0159in\u00e9st nemus\u00edte, ale m\u016f\u017eete\u2026jahody se prod\u00e1vaj\u00ed v z\u00e1lohovan\u00fdch ko\u0161\u00edc\u00edch. Z\u00e1loha je vratn\u00e1, tak\u017ee kdy\u017e ko\u0161\u00edky vr\u00e1t\u00edte z\u00e1loha V\u00e1m bude vr\u00e1cena v pln\u00e9 v\u00fd\u0161i.<br>Chcete-li, samoz\u0159ejm\u011b si m\u016f\u017eete sv\u00e9 n\u00e1doby p\u0159in\u00e9st a jahody si p\u0159esypat. Nedoporu\u010dujeme ale r\u016fzn\u00e9 s\u00e1\u010dky, igelitky nebo plastov\u00e9 uzav\u00edrateln\u00e9 n\u00e1doby<\/p>\n\n\n\n<p class=\"has-medium-font-size\"><\/p>\n","protected":false},"excerpt":{"rendered":"<p>1. Kde V\u00e1s najdeme? Prodej jahod prob\u00edh\u00e1 v pr\u016fmyslov\u00e9m are\u00e1lu Hutn\u00edk \u010d. 1048, 698 01 Vesel\u00ed nad Moravou, okr. Hodon\u00ednMapy [&hellip;]<\/p>\n","protected":false},"author":1,"featured_media":0,"parent":0,"menu_order":0,"comment_status":"closed","ping_status":"closed","template":"","meta":{"footnotes":""},"class_list":["post-75","page","type-page","status-publish","hentry"],"_links":{"self":[{"href":"https:\/\/jahodyveseli.cz\/index.php\/wp-json\/wp\/v2\/pages\/75","targetHints":{"allow":["GET"]}}],"collection":[{"href":"https:\/\/jahodyveseli.cz\/index.php\/wp-json\/wp\/v2\/pages"}],"about":[{"href":"https:\/\/jahodyveseli.cz\/index.php\/wp-json\/wp\/v2\/types\/page"}],"author":[{"embeddable":true,"href":"https:\/\/jahodyveseli.cz\/index.php\/wp-json\/wp\/v2\/users\/1"}],"replies":[{"embeddable":true,"href":"https:\/\/jahodyveseli.cz\/index.php\/wp-json\/wp\/v2\/comments?post=75"}],"version-history":[{"count":12,"href":"https:\/\/jahodyveseli.cz\/index.php\/wp-json\/wp\/v2\/pages\/75\/revisions"}],"predecessor-version":[{"id":518,"href":"https:\/\/jahodyveseli.cz\/index.php\/wp-json\/wp\/v2\/pages\/75\/revisions\/518"}],"wp:attachment":[{"href":"https:\/\/jahodyveseli.cz\/index.php\/wp-json\/wp\/v2\/media?parent=75"}],"curies":[{"name":"wp","href":"https:\/\/api.w.org\/{rel}","templated":true}]}}