{"id":73,"date":"2021-04-16T18:05:31","date_gmt":"2021-04-16T16:05:31","guid":{"rendered":"http:\/\/jahodyveseli.cz\/?page_id=73"},"modified":"2026-02-28T18:30:59","modified_gmt":"2026-02-28T16:30:59","slug":"velkoobchod","status":"publish","type":"page","link":"https:\/\/jahodyveseli.cz\/index.php\/velkoobchod\/","title":{"rendered":"Velkoobchod"},"content":{"rendered":"\n<p style=\"font-size:18px\">Nab\u00eddka pro velkoodb\u011bratele na na tel. <strong><a href=\"tel:+420774818820\" data-type=\"tel\" data-id=\"tel:+420774818820\">+420 774 818 820<\/a><\/strong>, nebo v kategorii <a href=\"https:\/\/jahodyveseli.cz\/index.php\/contact\/\"><strong>Kontakt<\/strong><\/a> p\u0159es kontaktn\u00ed formul\u00e1\u0159<\/p>\n\n\n\n<figure class=\"wp-block-image size-large\"><img loading=\"lazy\" decoding=\"async\" width=\"664\" height=\"399\" src=\"https:\/\/jahodyveseli.cz\/wp-content\/uploads\/2021\/04\/gf-3fRT-t7hJ-Y3M1_truskawki-664x442-nocrop.jpg\" alt=\"\" class=\"wp-image-144\" srcset=\"https:\/\/jahodyveseli.cz\/wp-content\/uploads\/2021\/04\/gf-3fRT-t7hJ-Y3M1_truskawki-664x442-nocrop.jpg 664w, https:\/\/jahodyveseli.cz\/wp-content\/uploads\/2021\/04\/gf-3fRT-t7hJ-Y3M1_truskawki-664x442-nocrop-300x180.jpg 300w\" sizes=\"auto, (max-width: 664px) 100vw, 664px\" \/><\/figure>\n","protected":false},"excerpt":{"rendered":"<p>Nab\u00eddka pro velkoodb\u011bratele na na tel. +420 774 818 820, nebo v kategorii Kontakt p\u0159es kontaktn\u00ed formul\u00e1\u0159<\/p>\n","protected":false},"author":1,"featured_media":0,"parent":0,"menu_order":0,"comment_status":"closed","ping_status":"closed","template":"","meta":{"footnotes":""},"class_list":["post-73","page","type-page","status-publish","hentry"],"_links":{"self":[{"href":"https:\/\/jahodyveseli.cz\/index.php\/wp-json\/wp\/v2\/pages\/73","targetHints":{"allow":["GET"]}}],"collection":[{"href":"https:\/\/jahodyveseli.cz\/index.php\/wp-json\/wp\/v2\/pages"}],"about":[{"href":"https:\/\/jahodyveseli.cz\/index.php\/wp-json\/wp\/v2\/types\/page"}],"author":[{"embeddable":true,"href":"https:\/\/jahodyveseli.cz\/index.php\/wp-json\/wp\/v2\/users\/1"}],"replies":[{"embeddable":true,"href":"https:\/\/jahodyveseli.cz\/index.php\/wp-json\/wp\/v2\/comments?post=73"}],"version-history":[{"count":11,"href":"https:\/\/jahodyveseli.cz\/index.php\/wp-json\/wp\/v2\/pages\/73\/revisions"}],"predecessor-version":[{"id":566,"href":"https:\/\/jahodyveseli.cz\/index.php\/wp-json\/wp\/v2\/pages\/73\/revisions\/566"}],"wp:attachment":[{"href":"https:\/\/jahodyveseli.cz\/index.php\/wp-json\/wp\/v2\/media?parent=73"}],"curies":[{"name":"wp","href":"https:\/\/api.w.org\/{rel}","templated":true}]}}