{"id":7,"date":"2021-04-15T20:31:47","date_gmt":"2021-04-15T20:31:47","guid":{"rendered":"http:\/\/jahodyveseli.cz\/?page_id=7"},"modified":"2026-02-23T20:57:30","modified_gmt":"2026-02-23T18:57:30","slug":"contact","status":"publish","type":"page","link":"https:\/\/jahodyveseli.cz\/index.php\/contact\/","title":{"rendered":"Kontakt"},"content":{"rendered":"\n<p style=\"font-size:18px\"><strong>Prodejna:<\/strong> pr\u016fmyslov\u00fd are\u00e1l Hutn\u00edk \u010d. 1048, 698 01 Vesel\u00ed nad Moravou, okr. Hodon\u00edn<br><strong>Kontakt pro maloobchod:<\/strong> <a href=\"tel:+420608932329\" data-type=\"tel\" data-id=\"tel:+420608932329\">+420 608 932 329<\/a><br><strong>Kontakt pro velkoobchod:<\/strong> <a href=\"tel:+420774818820\">+420 774 818 820<\/a><br><strong>Dotazy na email:<\/strong> <a href=\"mailto:jahodyveseli@seznam.cz\" data-type=\"mailto\" data-id=\"mailto:jahodyveseli@seznam.cz\" target=\"_blank\" rel=\"noreferrer noopener\">jahodyveseli@seznam.cz<\/a><br>Objedn\u00e1vky jahod p\u0159es <a href=\"https:\/\/jahodyveseli.cz\/index.php\/objednavkovy-formular\/\" data-type=\"URL\" data-id=\"https:\/\/jahodyveseli.cz\/index.php\/objednavkovy-formular\/\"><strong>Objedn\u00e1vkov\u00fd formul\u00e1\u0159<\/strong><\/a> na str\u00e1nce.<\/p>\n\n\n<div class=\"wpforms-container wpforms-container-full wpforms-block wpforms-block-bae802a4-877b-4242-a653-8e67464e8061\" id=\"wpforms-96\"><form id=\"wpforms-form-96\" class=\"wpforms-validate wpforms-form\" data-formid=\"96\" method=\"post\" enctype=\"multipart\/form-data\" action=\"\/index.php\/wp-json\/wp\/v2\/pages\/7\" data-token=\"610db3a86ad3b3853ea992857fc2c994\" data-token-time=\"1775660701\"><div class=\"wpforms-head-container\"><div class=\"wpforms-title\">Kontaktn\u00ed formul\u00e1\u0159<\/div><\/div><noscript class=\"wpforms-error-noscript\">Chcete-li vyplnit tento formul\u00e1\u0159, pros\u00edm povolte v prohl\u00ed\u017ee\u010di JavaScript.<\/noscript><div class=\"wpforms-field-container\"><div id=\"wpforms-96-field_0-container\" class=\"wpforms-field wpforms-field-name\" data-field-id=\"0\"><label class=\"wpforms-field-label\" for=\"wpforms-96-field_0\">Jm\u00e9no <span class=\"wpforms-required-label\">*<\/span><\/label><input type=\"text\" id=\"wpforms-96-field_0\" class=\"wpforms-field-medium wpforms-field-required\" name=\"wpforms[fields][0]\" required><\/div><div id=\"wpforms-96-field_4-container\" class=\"wpforms-field wpforms-field-name\" data-field-id=\"4\"><label class=\"wpforms-field-label\" for=\"wpforms-96-field_4\">P\u0159\u00edjmen\u00ed <span class=\"wpforms-required-label\">*<\/span><\/label><input type=\"text\" id=\"wpforms-96-field_4\" class=\"wpforms-field-medium wpforms-field-required\" name=\"wpforms[fields][4]\" required><\/div><div id=\"wpforms-96-field_1-container\" class=\"wpforms-field wpforms-field-email\" data-field-id=\"1\"><label class=\"wpforms-field-label\" for=\"wpforms-96-field_1\">E-mail <span class=\"wpforms-required-label\">*<\/span><\/label><input type=\"email\" id=\"wpforms-96-field_1\" class=\"wpforms-field-medium wpforms-field-required\" name=\"wpforms[fields][1]\" placeholder=\"mail@mail.cz\" spellcheck=\"false\" required><\/div><div id=\"wpforms-96-field_3-container\" class=\"wpforms-field wpforms-field-number\" data-field-id=\"3\"><label class=\"wpforms-field-label\" for=\"wpforms-96-field_3\">Telef\u00f3nn\u00ed \u010d\u00edslo <span class=\"wpforms-required-label\">*<\/span><\/label><input type=\"number\" id=\"wpforms-96-field_3\" class=\"wpforms-field-medium wpforms-field-required\" name=\"wpforms[fields][3]\" placeholder=\"420 000 000 000\" step=\"any\" required><\/div><div id=\"wpforms-96-field_2-container\" class=\"wpforms-field wpforms-field-textarea\" data-field-id=\"2\"><label class=\"wpforms-field-label\" for=\"wpforms-96-field_2\">Koment\u00e1\u0159 nebo zpr\u00e1va <span class=\"wpforms-required-label\">*<\/span><\/label><textarea id=\"wpforms-96-field_2\" class=\"wpforms-field-medium wpforms-field-required\" name=\"wpforms[fields][2]\" placeholder=\"Va\u0161e zpr\u00e1va...\" required><\/textarea><\/div><\/div><!-- .wpforms-field-container --><div class=\"wpforms-recaptcha-container wpforms-is-recaptcha wpforms-is-recaptcha-type-v3\" ><input type=\"hidden\" name=\"wpforms[recaptcha]\" value=\"\"><\/div><div class=\"wpforms-submit-container\" ><input type=\"hidden\" name=\"wpforms[id]\" value=\"96\"><input type=\"hidden\" name=\"page_title\" value=\"\"><input type=\"hidden\" name=\"page_url\" value=\"https:\/\/jahodyveseli.cz\/index.php\/wp-json\/wp\/v2\/pages\/7\"><input type=\"hidden\" name=\"url_referer\" value=\"\"><button type=\"submit\" name=\"wpforms[submit]\" id=\"wpforms-submit-96\" class=\"wpforms-submit\" data-alt-text=\"Odes\u00edl\u00e1ni...\" data-submit-text=\"Odeslat\" aria-live=\"assertive\" value=\"wpforms-submit\">Odeslat<\/button><\/div><\/form><\/div>  <!-- .wpforms-container -->\n\n\n<p><strong>Mapa<\/strong><\/p>\n\n\n\n<figure class=\"wp-block-image size-large\"><img loading=\"lazy\" decoding=\"async\" width=\"1024\" height=\"661\" src=\"https:\/\/jahodyveseli.cz\/wp-content\/uploads\/2026\/02\/mapy_veseli-1-1024x661.png\" alt=\"\" class=\"wp-image-488\" srcset=\"https:\/\/jahodyveseli.cz\/wp-content\/uploads\/2026\/02\/mapy_veseli-1-1024x661.png 1024w, https:\/\/jahodyveseli.cz\/wp-content\/uploads\/2026\/02\/mapy_veseli-1-300x194.png 300w, https:\/\/jahodyveseli.cz\/wp-content\/uploads\/2026\/02\/mapy_veseli-1-768x496.png 768w, https:\/\/jahodyveseli.cz\/wp-content\/uploads\/2026\/02\/mapy_veseli-1.png 1061w\" sizes=\"auto, (max-width: 1024px) 100vw, 1024px\" \/><\/figure>\n\n\n\n<figure class=\"wp-block-image size-full is-resized\"><img loading=\"lazy\" decoding=\"async\" width=\"942\" height=\"664\" src=\"https:\/\/jahodyveseli.cz\/wp-content\/uploads\/2026\/02\/mapy_veseli2.png\" alt=\"\" class=\"wp-image-489\" style=\"aspect-ratio:1.4186659750872275;width:1024px;height:auto\" srcset=\"https:\/\/jahodyveseli.cz\/wp-content\/uploads\/2026\/02\/mapy_veseli2.png 942w, https:\/\/jahodyveseli.cz\/wp-content\/uploads\/2026\/02\/mapy_veseli2-300x211.png 300w, https:\/\/jahodyveseli.cz\/wp-content\/uploads\/2026\/02\/mapy_veseli2-768x541.png 768w\" sizes=\"auto, (max-width: 942px) 100vw, 942px\" \/><\/figure>\n\n\n\n<figure class=\"wp-block-image size-large\"><img loading=\"lazy\" decoding=\"async\" width=\"1024\" height=\"732\" src=\"https:\/\/jahodyveseli.cz\/wp-content\/uploads\/2026\/02\/mapy_veseli3-1024x732.png\" alt=\"\" class=\"wp-image-490\" srcset=\"https:\/\/jahodyveseli.cz\/wp-content\/uploads\/2026\/02\/mapy_veseli3-1024x732.png 1024w, https:\/\/jahodyveseli.cz\/wp-content\/uploads\/2026\/02\/mapy_veseli3-300x215.png 300w, https:\/\/jahodyveseli.cz\/wp-content\/uploads\/2026\/02\/mapy_veseli3-768x549.png 768w, https:\/\/jahodyveseli.cz\/wp-content\/uploads\/2026\/02\/mapy_veseli3.png 1050w\" sizes=\"auto, (max-width: 1024px) 100vw, 1024px\" \/><\/figure>\n","protected":false},"excerpt":{"rendered":"<p>Prodejna: pr\u016fmyslov\u00fd are\u00e1l Hutn\u00edk \u010d. 1048, 698 01 Vesel\u00ed nad Moravou, okr. Hodon\u00ednKontakt pro maloobchod: +420 608 932 329Kontakt pro [&hellip;]<\/p>\n","protected":false},"author":1,"featured_media":0,"parent":0,"menu_order":0,"comment_status":"closed","ping_status":"closed","template":"","meta":{"footnotes":""},"class_list":["post-7","page","type-page","status-publish","hentry"],"_links":{"self":[{"href":"https:\/\/jahodyveseli.cz\/index.php\/wp-json\/wp\/v2\/pages\/7","targetHints":{"allow":["GET"]}}],"collection":[{"href":"https:\/\/jahodyveseli.cz\/index.php\/wp-json\/wp\/v2\/pages"}],"about":[{"href":"https:\/\/jahodyveseli.cz\/index.php\/wp-json\/wp\/v2\/types\/page"}],"author":[{"embeddable":true,"href":"https:\/\/jahodyveseli.cz\/index.php\/wp-json\/wp\/v2\/users\/1"}],"replies":[{"embeddable":true,"href":"https:\/\/jahodyveseli.cz\/index.php\/wp-json\/wp\/v2\/comments?post=7"}],"version-history":[{"count":18,"href":"https:\/\/jahodyveseli.cz\/index.php\/wp-json\/wp\/v2\/pages\/7\/revisions"}],"predecessor-version":[{"id":538,"href":"https:\/\/jahodyveseli.cz\/index.php\/wp-json\/wp\/v2\/pages\/7\/revisions\/538"}],"wp:attachment":[{"href":"https:\/\/jahodyveseli.cz\/index.php\/wp-json\/wp\/v2\/media?parent=7"}],"curies":[{"name":"wp","href":"https:\/\/api.w.org\/{rel}","templated":true}]}}