{"id":162,"date":"2021-04-19T23:00:09","date_gmt":"2021-04-19T21:00:09","guid":{"rendered":"http:\/\/jahodyveseli.cz\/?page_id=162"},"modified":"2026-02-23T20:56:18","modified_gmt":"2026-02-23T18:56:18","slug":"objednavkovy-formular","status":"publish","type":"page","link":"https:\/\/jahodyveseli.cz\/index.php\/objednavkovy-formular\/","title":{"rendered":"Objedn\u00e1vkov\u00fd formul\u00e1\u0159"},"content":{"rendered":"\n<p class=\"has-vivid-red-color has-text-color\" style=\"font-size:20px\"><strong>Prodej jahod z Holubic u Brna byl p\u0159esunut do Vesel\u00ed nad Moravou<\/strong><br><strong>Adresa: Hutn\u00edk \u010d. 1048, 698 01&nbsp; Vesel\u00ed nad Moravou, okr. Hodon\u00edn<\/strong><\/p>\n\n\n\n<p class=\"has-black-color has-text-color\" style=\"font-size:15px\"><strong>Ceny:<\/strong> <strong>Budou up\u0159esn\u011bny kr\u00e1tce p\u0159ed sez\u00f3nou, odhad leto\u0161n\u00ed sez\u00f3ny 2026 &#8211; konec kv\u011btna, za\u010d\u00e1tek \u010dervna<\/strong><\/p>\n\n\n\n<p class=\"has-black-color has-text-color has-small-font-size\"><strong>Je nutn\u00e9 spr\u00e1vn\u011b napsat telefonn\u00ed \u010d\u00edslo a email, abychom V\u00e1s v\u011bd\u011bli zp\u011btn\u011b kontaktovat<br>ohledn\u011b odb\u011bru.<\/strong> <br>V ko\u0161\u00edku jsou 2 kg jahod, proto v objedn\u00e1vkov\u00e9m formul\u00e1\u0159i objedn\u00e1vejte nap\u0159. 2 kg, 4 kg, 18 kg&#8230;<br>Odb\u011br objednan\u00fdch jahod je pouze osobn\u00ed na prodejn\u011b: pr\u016fmyslov\u00fd are\u00e1l Hutn\u00edk \u010d. 1048, 698 01 Vesel\u00ed nad Moravou, okr. Hodon\u00edn<br>Objedn\u00e1vky vy\u0159izujeme podle po\u0159ad\u00ed v jak\u00e9m p\u0159i\u0161li\u00a0<br>Objedn\u00e1vky tak\u00e9 p\u0159ij\u00edm\u00e1me telefonicky, na \u010d\u00edsle: <a href=\"tel:+420608932329\"><strong>+420 608 932 329<\/strong><\/a><\/p>\n\n\n<div class=\"wpforms-container wpforms-container-full wpforms-block wpforms-block-8498a4bb-d15f-4c14-8595-bd4e6c125ac5\" id=\"wpforms-294\"><form id=\"wpforms-form-294\" class=\"wpforms-validate wpforms-form\" data-formid=\"294\" method=\"post\" enctype=\"multipart\/form-data\" action=\"\/index.php\/wp-json\/wp\/v2\/pages\/162\" data-token=\"3b4a65123a3bb2d8488af85ec42d72b7\" data-token-time=\"1775660935\"><div class=\"wpforms-head-container\"><div class=\"wpforms-title\">Objedn\u00e1vkov\u00fd formul\u00e1\u0159<\/div><\/div><noscript class=\"wpforms-error-noscript\">Chcete-li vyplnit tento formul\u00e1\u0159, pros\u00edm povolte v prohl\u00ed\u017ee\u010di JavaScript.<\/noscript><div class=\"wpforms-field-container\"><div id=\"wpforms-294-field_0-container\" class=\"wpforms-field wpforms-field-name\" data-field-id=\"0\"><label class=\"wpforms-field-label\" for=\"wpforms-294-field_0\">Jm\u00e9no <span class=\"wpforms-required-label\">*<\/span><\/label><input type=\"text\" id=\"wpforms-294-field_0\" class=\"wpforms-field-medium wpforms-field-required\" name=\"wpforms[fields][0]\" required><\/div><div id=\"wpforms-294-field_10-container\" class=\"wpforms-field wpforms-field-name\" data-field-id=\"10\"><label class=\"wpforms-field-label\" for=\"wpforms-294-field_10\">P\u0159\u00edjmen\u00ed <span class=\"wpforms-required-label\">*<\/span><\/label><input type=\"text\" id=\"wpforms-294-field_10\" class=\"wpforms-field-medium wpforms-field-required\" name=\"wpforms[fields][10]\" required><\/div><div id=\"wpforms-294-field_1-container\" class=\"wpforms-field wpforms-field-email\" data-field-id=\"1\"><label class=\"wpforms-field-label\" for=\"wpforms-294-field_1\">E-mail <span class=\"wpforms-required-label\">*<\/span><\/label><input type=\"email\" id=\"wpforms-294-field_1\" class=\"wpforms-field-medium wpforms-field-required\" name=\"wpforms[fields][1]\" placeholder=\"mail@mail.cz\" spellcheck=\"false\" required><\/div><div id=\"wpforms-294-field_9-container\" class=\"wpforms-field wpforms-field-number\" data-field-id=\"9\"><label class=\"wpforms-field-label\" for=\"wpforms-294-field_9\">Telef\u00f3nn\u00ed \u010d\u00edslo <span class=\"wpforms-required-label\">*<\/span><\/label><input type=\"number\" id=\"wpforms-294-field_9\" class=\"wpforms-field-medium wpforms-field-required\" name=\"wpforms[fields][9]\" placeholder=\"420 000 000 000\" step=\"any\" required><\/div><div id=\"wpforms-294-field_4-container\" class=\"wpforms-field wpforms-field-number\" data-field-id=\"4\"><label class=\"wpforms-field-label\" for=\"wpforms-294-field_4\">Mno\u017estv\u00ed jahod (kg) <span class=\"wpforms-required-label\">*<\/span><\/label><input type=\"number\" id=\"wpforms-294-field_4\" class=\"wpforms-field-medium wpforms-field-required\" name=\"wpforms[fields][4]\" value=\"2\" step=\"any\" required><div class=\"wpforms-field-description\">Mno\u017estv\u00ed jahod pros\u00edm pi\u0161te v sud\u00fdch \u010d\u00edslech, nap\u0159. 2 kg, 6 kg, 22 kg, proto\u017ee ko\u0161\u00edk obsahuje 2 kg jahod.<\/div><\/div><div id=\"wpforms-294-field_5-container\" class=\"wpforms-field wpforms-field-text\" data-field-id=\"5\"><label class=\"wpforms-field-label\" for=\"wpforms-294-field_5\">Adresa<\/label><input type=\"text\" id=\"wpforms-294-field_5\" class=\"wpforms-field-medium\" name=\"wpforms[fields][5]\" placeholder=\"Ulice, m\u011bsto, PS\u010c\" ><\/div><div id=\"wpforms-294-field_6-container\" class=\"wpforms-field wpforms-field-text\" data-field-id=\"6\"><label class=\"wpforms-field-label\" for=\"wpforms-294-field_6\">Pozn\u00e1mka<\/label><input type=\"text\" id=\"wpforms-294-field_6\" class=\"wpforms-field-medium\" name=\"wpforms[fields][6]\" placeholder=\"Va\u0161e pozn\u00e1mka...\" ><\/div><\/div><!-- .wpforms-field-container --><div class=\"wpforms-recaptcha-container wpforms-is-recaptcha wpforms-is-recaptcha-type-v3\" ><input type=\"hidden\" name=\"wpforms[recaptcha]\" value=\"\"><\/div><div class=\"wpforms-submit-container\" ><input type=\"hidden\" name=\"wpforms[id]\" value=\"294\"><input type=\"hidden\" name=\"page_title\" value=\"\"><input type=\"hidden\" name=\"page_url\" value=\"https:\/\/jahodyveseli.cz\/index.php\/wp-json\/wp\/v2\/pages\/162\"><input type=\"hidden\" name=\"url_referer\" value=\"\"><button type=\"submit\" name=\"wpforms[submit]\" id=\"wpforms-submit-294\" class=\"wpforms-submit\" data-alt-text=\"Odes\u00edl\u00e1ni...\" data-submit-text=\"Odeslat\" aria-live=\"assertive\" value=\"wpforms-submit\">Odeslat<\/button><\/div><\/form><\/div>  <!-- .wpforms-container -->\n\n\n<figure class=\"wp-block-image size-large\"><img loading=\"lazy\" decoding=\"async\" width=\"1024\" height=\"661\" src=\"https:\/\/jahodyveseli.cz\/wp-content\/uploads\/2026\/02\/mapy_veseli-1-1024x661.png\" alt=\"\" class=\"wp-image-488\" srcset=\"https:\/\/jahodyveseli.cz\/wp-content\/uploads\/2026\/02\/mapy_veseli-1-1024x661.png 1024w, https:\/\/jahodyveseli.cz\/wp-content\/uploads\/2026\/02\/mapy_veseli-1-300x194.png 300w, https:\/\/jahodyveseli.cz\/wp-content\/uploads\/2026\/02\/mapy_veseli-1-768x496.png 768w, https:\/\/jahodyveseli.cz\/wp-content\/uploads\/2026\/02\/mapy_veseli-1.png 1061w\" sizes=\"auto, (max-width: 1024px) 100vw, 1024px\" \/><\/figure>\n\n\n\n<figure class=\"wp-block-image size-full is-resized\"><img loading=\"lazy\" decoding=\"async\" width=\"942\" height=\"664\" src=\"https:\/\/jahodyveseli.cz\/wp-content\/uploads\/2026\/02\/mapy_veseli2.png\" alt=\"\" class=\"wp-image-489\" style=\"aspect-ratio:1.4186659750872275;width:1024px;height:auto\" srcset=\"https:\/\/jahodyveseli.cz\/wp-content\/uploads\/2026\/02\/mapy_veseli2.png 942w, https:\/\/jahodyveseli.cz\/wp-content\/uploads\/2026\/02\/mapy_veseli2-300x211.png 300w, https:\/\/jahodyveseli.cz\/wp-content\/uploads\/2026\/02\/mapy_veseli2-768x541.png 768w\" sizes=\"auto, (max-width: 942px) 100vw, 942px\" \/><\/figure>\n\n\n\n<figure class=\"wp-block-image size-large\"><img loading=\"lazy\" decoding=\"async\" width=\"1024\" height=\"732\" src=\"https:\/\/jahodyveseli.cz\/wp-content\/uploads\/2026\/02\/mapy_veseli3-1024x732.png\" alt=\"\" class=\"wp-image-490\" srcset=\"https:\/\/jahodyveseli.cz\/wp-content\/uploads\/2026\/02\/mapy_veseli3-1024x732.png 1024w, https:\/\/jahodyveseli.cz\/wp-content\/uploads\/2026\/02\/mapy_veseli3-300x215.png 300w, https:\/\/jahodyveseli.cz\/wp-content\/uploads\/2026\/02\/mapy_veseli3-768x549.png 768w, https:\/\/jahodyveseli.cz\/wp-content\/uploads\/2026\/02\/mapy_veseli3.png 1050w\" sizes=\"auto, (max-width: 1024px) 100vw, 1024px\" \/><\/figure>\n","protected":false},"excerpt":{"rendered":"<p>Prodej jahod z Holubic u Brna byl p\u0159esunut do Vesel\u00ed nad MoravouAdresa: Hutn\u00edk \u010d. 1048, 698 01&nbsp; Vesel\u00ed nad Moravou, [&hellip;]<\/p>\n","protected":false},"author":1,"featured_media":0,"parent":0,"menu_order":0,"comment_status":"closed","ping_status":"closed","template":"","meta":{"footnotes":""},"class_list":["post-162","page","type-page","status-publish","hentry"],"_links":{"self":[{"href":"https:\/\/jahodyveseli.cz\/index.php\/wp-json\/wp\/v2\/pages\/162","targetHints":{"allow":["GET"]}}],"collection":[{"href":"https:\/\/jahodyveseli.cz\/index.php\/wp-json\/wp\/v2\/pages"}],"about":[{"href":"https:\/\/jahodyveseli.cz\/index.php\/wp-json\/wp\/v2\/types\/page"}],"author":[{"embeddable":true,"href":"https:\/\/jahodyveseli.cz\/index.php\/wp-json\/wp\/v2\/users\/1"}],"replies":[{"embeddable":true,"href":"https:\/\/jahodyveseli.cz\/index.php\/wp-json\/wp\/v2\/comments?post=162"}],"version-history":[{"count":46,"href":"https:\/\/jahodyveseli.cz\/index.php\/wp-json\/wp\/v2\/pages\/162\/revisions"}],"predecessor-version":[{"id":537,"href":"https:\/\/jahodyveseli.cz\/index.php\/wp-json\/wp\/v2\/pages\/162\/revisions\/537"}],"wp:attachment":[{"href":"https:\/\/jahodyveseli.cz\/index.php\/wp-json\/wp\/v2\/media?parent=162"}],"curies":[{"name":"wp","href":"https:\/\/api.w.org\/{rel}","templated":true}]}}