{"id":11,"date":"2021-04-15T20:31:47","date_gmt":"2021-04-15T20:31:47","guid":{"rendered":"http:\/\/jahodyveseli.cz\/?page_id=11"},"modified":"2026-02-26T20:06:35","modified_gmt":"2026-02-26T18:06:35","slug":"home","status":"publish","type":"page","link":"https:\/\/jahodyveseli.cz\/","title":{"rendered":"Jahody Vesel\u00ed"},"content":{"rendered":"\n<div class=\"wp-block-buttons has-custom-font-size has-small-font-size is-horizontal is-content-justification-center is-layout-flex wp-container-core-buttons-is-layout-499968f5 wp-block-buttons-is-layout-flex\">\n<div class=\"wp-block-button has-custom-width wp-block-button__width-75\"><a class=\"wp-block-button__link has-white-color has-vivid-red-background-color has-text-color has-background has-link-color has-custom-font-size wp-element-button\" href=\"https:\/\/jahodyveseli.cz\/index.php\/objednavkovy-formular\/\" style=\"font-size:18px\"><strong><mark style=\"background-color:rgba(0, 0, 0, 0)\" class=\"has-inline-color has-black-color\">OBJEDNAT<\/mark><\/strong> <strong><mark style=\"background-color:rgba(0, 0, 0, 0)\" class=\"has-inline-color has-black-color\">JAHODY<\/mark><\/strong><\/a><\/div>\n<\/div>\n\n\n\n<p><\/p>\n\n\n\n<p class=\"has-vivid-red-color has-text-color has-link-color has-medium-font-size wp-elements-0dfb730a72f2996294c644432b3f7ebd\"><strong>Prodej jahod z Holubic u Brna byl p\u0159esunut do Vesel\u00ed nad Moravou<\/strong><br><strong>Adresa: Hutn\u00edk \u010d. 1048, 698 01&nbsp; Vesel\u00ed nad Moravou, okr. Hodon\u00edn<\/strong><\/p>\n\n\n\n<p style=\"font-size:18px\">Jahody jsou velmi bohat\u00fdm zdrojem vitam\u00ednu C. Jeho obsah je srovnateln\u00fd s citrusov\u00fdmi plody. Jsou tak\u00e9 bohat\u00fdm zdrojem vitam\u00ednu A, B, E a organick\u00fdch kyselin (jako nap\u0159\u00edklad kyseliny jable\u010dn\u00e9, citr\u00f3nov\u00e9, chininov\u00e9, \u0161\u0165avelov\u00e9, salicylov\u00e9 \u010di ellagov\u00e1, kter\u00e1 p\u016fsob\u00ed v prevenci n\u00e1dorov\u00fdch chorob).<\/p>\n\n\n\n<p style=\"font-size:18px\">Jahoda obsahuje tak\u00e9 lehce stravitelnou vl\u00e1kninu, co\u017e umo\u017e\u0148uje snadn\u00e9 dal\u0161\u00ed tepeln\u00e9 \u00fapravy a v\u00fdrobu marmel\u00e1d, \u010di d\u017eem\u016f. Z miner\u00e1ln\u00edch l\u00e1tek je v jahod\u011b zastoupen p\u0159ev\u00e1\u017en\u011b drasl\u00edk, zinek, ho\u0159\u010d\u00edk, s\u00edra, v\u00e1pn\u00edk a pak n\u011bkter\u00e9 netypick\u00e9 prvky jako je bor, fluor, kobalt \u010di molybden. Jsou tak\u00e9 v\u00fdrazn\u00fdm zdrojem tekutin, jeliko\u017e plody jsou tvo\u0159eny z 87 % z vody.<\/p>\n\n\n\n<p style=\"font-size:18px\">Oproti ostatn\u00edm druh\u016fm ovoce obsahuj\u00ed mal\u00fd pod\u00edl p\u0159\u00edrodn\u00edch cukr\u016f. Konzumace jahod m\u00e1 pozitivn\u00ed \u00fa\u010dinek na tvorbu testosteronu, kter\u00fd aktivuje spermie. Podporuje krevn\u00ed ob\u011bh v pohlavn\u00edch org\u00e1nech d\u00edky vysok\u00e9mu obsahu antioxidant\u016f. D\u00e1le podporuj\u00ed metabolismus, vylu\u010dov\u00e1n\u00ed, p\u016fsob\u00ed proti vzniku mo\u010dov\u00fdch a \u017elu\u010dov\u00fdch kamen\u016f, sni\u017euj\u00ed nachlazen\u00ed, pom\u00e1haj\u00ed p\u0159i l\u00e9\u010db\u011b chorob srdce.<\/p>\n\n\n\n<p><\/p>\n","protected":false},"excerpt":{"rendered":"<p>Prodej jahod z Holubic u Brna byl p\u0159esunut do Vesel\u00ed nad MoravouAdresa: Hutn\u00edk \u010d. 1048, 698 01&nbsp; Vesel\u00ed nad Moravou, [&hellip;]<\/p>\n","protected":false},"author":1,"featured_media":0,"parent":0,"menu_order":0,"comment_status":"closed","ping_status":"closed","template":"","meta":{"footnotes":""},"class_list":["post-11","page","type-page","status-publish","hentry"],"_links":{"self":[{"href":"https:\/\/jahodyveseli.cz\/index.php\/wp-json\/wp\/v2\/pages\/11","targetHints":{"allow":["GET"]}}],"collection":[{"href":"https:\/\/jahodyveseli.cz\/index.php\/wp-json\/wp\/v2\/pages"}],"about":[{"href":"https:\/\/jahodyveseli.cz\/index.php\/wp-json\/wp\/v2\/types\/page"}],"author":[{"embeddable":true,"href":"https:\/\/jahodyveseli.cz\/index.php\/wp-json\/wp\/v2\/users\/1"}],"replies":[{"embeddable":true,"href":"https:\/\/jahodyveseli.cz\/index.php\/wp-json\/wp\/v2\/comments?post=11"}],"version-history":[{"count":24,"href":"https:\/\/jahodyveseli.cz\/index.php\/wp-json\/wp\/v2\/pages\/11\/revisions"}],"predecessor-version":[{"id":557,"href":"https:\/\/jahodyveseli.cz\/index.php\/wp-json\/wp\/v2\/pages\/11\/revisions\/557"}],"wp:attachment":[{"href":"https:\/\/jahodyveseli.cz\/index.php\/wp-json\/wp\/v2\/media?parent=11"}],"curies":[{"name":"wp","href":"https:\/\/api.w.org\/{rel}","templated":true}]}}